{"id":36,"date":"2025-07-25T13:50:05","date_gmt":"2025-07-25T11:50:05","guid":{"rendered":"https:\/\/americancupcakes.es\/?page_id=36"},"modified":"2025-10-03T18:05:21","modified_gmt":"2025-10-03T16:05:21","slug":"servicios","status":"publish","type":"page","link":"https:\/\/americancupcakes.es\/es_es\/servicios\/","title":{"rendered":"Servicios"},"content":{"rendered":"\t\t<div data-elementor-type=\"wp-page\" data-elementor-id=\"36\" class=\"elementor elementor-36\" data-elementor-post-type=\"page\">\n\t\t\t\t\t\t<section class=\"elementor-section elementor-top-section elementor-element elementor-element-6f64975e elementor-section-boxed elementor-section-height-default elementor-section-height-default\" data-id=\"6f64975e\" data-element_type=\"section\" data-e-type=\"section\">\n\t\t\t\t\t\t<div class=\"elementor-container elementor-column-gap-default\">\n\t\t\t\t\t<div class=\"elementor-column elementor-col-50 elementor-top-column elementor-element elementor-element-199139c9\" data-id=\"199139c9\" data-element_type=\"column\" data-e-type=\"column\">\n\t\t\t<div class=\"elementor-widget-wrap elementor-element-populated\">\n\t\t\t\t\t\t<section class=\"elementor-section elementor-inner-section elementor-element elementor-element-62d8d8d1 elementor-section-boxed elementor-section-height-default elementor-section-height-default\" data-id=\"62d8d8d1\" data-element_type=\"section\" data-e-type=\"section\" data-settings=\"{&quot;background_background&quot;:&quot;classic&quot;}\">\n\t\t\t\t\t\t<div class=\"elementor-container elementor-column-gap-default\">\n\t\t\t\t\t<div class=\"elementor-column elementor-col-100 elementor-inner-column elementor-element elementor-element-482802a2\" data-id=\"482802a2\" data-element_type=\"column\" data-e-type=\"column\">\n\t\t\t<div class=\"elementor-widget-wrap elementor-element-populated\">\n\t\t\t\t\t\t<div class=\"elementor-element elementor-element-6b8f9e53 elementor-widget elementor-widget-heading\" data-id=\"6b8f9e53\" data-element_type=\"widget\" data-e-type=\"widget\" data-widget_type=\"heading.default\">\n\t\t\t\t<div class=\"elementor-widget-container\">\n\t\t\t\t\t<span class=\"elementor-heading-title elementor-size-default\">Porciones perfectas<\/span>\t\t\t\t<\/div>\n\t\t\t\t<\/div>\n\t\t\t\t<div class=\"elementor-element elementor-element-38f2be1a elementor-widget elementor-widget-heading\" data-id=\"38f2be1a\" data-element_type=\"widget\" data-e-type=\"widget\" data-widget_type=\"heading.default\">\n\t\t\t\t<div class=\"elementor-widget-container\">\n\t\t\t\t\t<h2 class=\"elementor-heading-title elementor-size-default\">Tartas precortadas<\/h2>\t\t\t\t<\/div>\n\t\t\t\t<\/div>\n\t\t\t\t<div class=\"elementor-element elementor-element-3e28119a elementor-widget elementor-widget-text-editor\" data-id=\"3e28119a\" data-element_type=\"widget\" data-e-type=\"widget\" data-widget_type=\"text-editor.default\">\n\t\t\t\t<div class=\"elementor-widget-container\">\n\t\t\t\t\t\t\t\t\t<p>Muchas mas\u00edas nos est\u00e1n solicitando tartas precortadas, por lo que hemos incorporado este servicio a nuestra oferta. Si necesitan las porciones listas para servir, les proponemos una opci\u00f3n pr\u00e1ctica: una tarta falsa con un piso real para el corte , junto con las porciones individuales ya precortadas, listas para ser servidas a los invitados. De esta manera,<br \/>garantizamos una presentaci\u00f3n impecable y una log\u00edstica m\u00e1s sencilla para su evento.<\/p>\t\t\t\t\t\t\t\t<\/div>\n\t\t\t\t<\/div>\n\t\t\t\t\t<\/div>\n\t\t<\/div>\n\t\t\t\t\t<\/div>\n\t\t<\/section>\n\t\t\t\t\t<\/div>\n\t\t<\/div>\n\t\t\t\t<div class=\"elementor-column elementor-col-50 elementor-top-column elementor-element elementor-element-302c19a\" data-id=\"302c19a\" data-element_type=\"column\" data-e-type=\"column\" data-settings=\"{&quot;background_background&quot;:&quot;slideshow&quot;,&quot;background_slideshow_gallery&quot;:[],&quot;background_slideshow_loop&quot;:&quot;yes&quot;,&quot;background_slideshow_slide_duration&quot;:5000,&quot;background_slideshow_slide_transition&quot;:&quot;fade&quot;,&quot;background_slideshow_transition_duration&quot;:500}\">\n\t\t\t<div class=\"elementor-widget-wrap elementor-element-populated\">\n\t\t\t\t\t\t<section class=\"elementor-section elementor-inner-section elementor-element elementor-element-a3200ea elementor-section-boxed elementor-section-height-default elementor-section-height-default\" data-id=\"a3200ea\" data-element_type=\"section\" data-e-type=\"section\" data-settings=\"{&quot;background_background&quot;:&quot;classic&quot;}\">\n\t\t\t\t\t\t<div class=\"elementor-container elementor-column-gap-default\">\n\t\t\t\t\t<div class=\"elementor-column elementor-col-100 elementor-inner-column elementor-element elementor-element-131e727e\" data-id=\"131e727e\" data-element_type=\"column\" data-e-type=\"column\">\n\t\t\t<div class=\"elementor-widget-wrap elementor-element-populated\">\n\t\t\t\t\t\t<div class=\"elementor-element elementor-element-19319f1a elementor-invisible elementor-widget elementor-widget-image\" data-id=\"19319f1a\" data-element_type=\"widget\" data-e-type=\"widget\" data-settings=\"{&quot;_animation&quot;:&quot;fadeIn&quot;}\" data-widget_type=\"image.default\">\n\t\t\t\t<div class=\"elementor-widget-container\">\n\t\t\t\t\t\t\t\t\t\t\t\t\t\t\t<img fetchpriority=\"high\" decoding=\"async\" width=\"651\" height=\"1024\" src=\"https:\/\/americancupcakes.es\/wp-content\/uploads\/2025\/10\/Tartas-precortadas-correcta--651x1024.jpg\" class=\"attachment-large size-large wp-image-730\" alt=\"\" srcset=\"https:\/\/americancupcakes.es\/wp-content\/uploads\/2025\/10\/Tartas-precortadas-correcta--651x1024.jpg 651w, https:\/\/americancupcakes.es\/wp-content\/uploads\/2025\/10\/Tartas-precortadas-correcta--191x300.jpg 191w, https:\/\/americancupcakes.es\/wp-content\/uploads\/2025\/10\/Tartas-precortadas-correcta--768x1207.jpg 768w, https:\/\/americancupcakes.es\/wp-content\/uploads\/2025\/10\/Tartas-precortadas-correcta--600x943.jpg 600w, https:\/\/americancupcakes.es\/wp-content\/uploads\/2025\/10\/Tartas-precortadas-correcta-.jpg 783w\" sizes=\"(max-width: 651px) 100vw, 651px\" \/>\t\t\t\t\t\t\t\t\t\t\t\t\t\t\t<\/div>\n\t\t\t\t<\/div>\n\t\t\t\t\t<\/div>\n\t\t<\/div>\n\t\t\t\t\t<\/div>\n\t\t<\/section>\n\t\t\t\t\t<\/div>\n\t\t<\/div>\n\t\t\t\t\t<\/div>\n\t\t<\/section>\n\t\t\t\t<section class=\"elementor-section elementor-top-section elementor-element elementor-element-22b92d9 elementor-section-boxed elementor-section-height-default elementor-section-height-default\" data-id=\"22b92d9\" data-element_type=\"section\" data-e-type=\"section\">\n\t\t\t\t\t\t<div class=\"elementor-container elementor-column-gap-default\">\n\t\t\t\t\t<div class=\"elementor-column elementor-col-50 elementor-top-column elementor-element elementor-element-14d5eaf\" data-id=\"14d5eaf\" data-element_type=\"column\" data-e-type=\"column\" data-settings=\"{&quot;background_background&quot;:&quot;slideshow&quot;,&quot;background_slideshow_gallery&quot;:[],&quot;background_slideshow_loop&quot;:&quot;yes&quot;,&quot;background_slideshow_slide_duration&quot;:5000,&quot;background_slideshow_slide_transition&quot;:&quot;fade&quot;,&quot;background_slideshow_transition_duration&quot;:500}\">\n\t\t\t<div class=\"elementor-widget-wrap elementor-element-populated\">\n\t\t\t\t\t\t<section class=\"elementor-section elementor-inner-section elementor-element elementor-element-3d8ec0c elementor-section-boxed elementor-section-height-default elementor-section-height-default\" data-id=\"3d8ec0c\" data-element_type=\"section\" data-e-type=\"section\" data-settings=\"{&quot;background_background&quot;:&quot;classic&quot;}\">\n\t\t\t\t\t\t<div class=\"elementor-container elementor-column-gap-default\">\n\t\t\t\t\t<div class=\"elementor-column elementor-col-100 elementor-inner-column elementor-element elementor-element-4bc382c\" data-id=\"4bc382c\" data-element_type=\"column\" data-e-type=\"column\" data-settings=\"{&quot;background_background&quot;:&quot;slideshow&quot;,&quot;background_slideshow_gallery&quot;:[{&quot;id&quot;:606,&quot;url&quot;:&quot;https:\\\/\\\/americancupcakes.es\\\/wp-content\\\/uploads\\\/2025\\\/10\\\/Montaje-en-vivo_1.jpg&quot;},{&quot;id&quot;:605,&quot;url&quot;:&quot;https:\\\/\\\/americancupcakes.es\\\/wp-content\\\/uploads\\\/2025\\\/10\\\/Montaje-en-vivo_.jpg&quot;},{&quot;id&quot;:607,&quot;url&quot;:&quot;https:\\\/\\\/americancupcakes.es\\\/wp-content\\\/uploads\\\/2025\\\/10\\\/Montaje-en-vivo_2.jpg&quot;}],&quot;background_slideshow_loop&quot;:&quot;yes&quot;,&quot;background_slideshow_slide_duration&quot;:5000,&quot;background_slideshow_slide_transition&quot;:&quot;fade&quot;,&quot;background_slideshow_transition_duration&quot;:500}\">\n\t\t\t<div class=\"elementor-widget-wrap elementor-element-populated\">\n\t\t\t\t\t\t<div class=\"elementor-element elementor-element-1a92b3c elementor-widget elementor-widget-spacer\" data-id=\"1a92b3c\" data-element_type=\"widget\" data-e-type=\"widget\" data-widget_type=\"spacer.default\">\n\t\t\t\t<div class=\"elementor-widget-container\">\n\t\t\t\t\t\t\t<div class=\"elementor-spacer\">\n\t\t\t<div class=\"elementor-spacer-inner\"><\/div>\n\t\t<\/div>\n\t\t\t\t\t\t<\/div>\n\t\t\t\t<\/div>\n\t\t\t\t\t<\/div>\n\t\t<\/div>\n\t\t\t\t\t<\/div>\n\t\t<\/section>\n\t\t\t\t\t<\/div>\n\t\t<\/div>\n\t\t\t\t<div class=\"elementor-column elementor-col-50 elementor-top-column elementor-element elementor-element-5ce4211\" data-id=\"5ce4211\" data-element_type=\"column\" data-e-type=\"column\">\n\t\t\t<div class=\"elementor-widget-wrap elementor-element-populated\">\n\t\t\t\t\t\t<section class=\"elementor-section elementor-inner-section elementor-element elementor-element-33aea09 elementor-section-boxed elementor-section-height-default elementor-section-height-default\" data-id=\"33aea09\" data-element_type=\"section\" data-e-type=\"section\" data-settings=\"{&quot;background_background&quot;:&quot;classic&quot;}\">\n\t\t\t\t\t\t<div class=\"elementor-container elementor-column-gap-default\">\n\t\t\t\t\t<div class=\"elementor-column elementor-col-100 elementor-inner-column elementor-element elementor-element-961089f\" data-id=\"961089f\" data-element_type=\"column\" data-e-type=\"column\">\n\t\t\t<div class=\"elementor-widget-wrap elementor-element-populated\">\n\t\t\t\t\t\t<div class=\"elementor-element elementor-element-f38862a elementor-widget elementor-widget-heading\" data-id=\"f38862a\" data-element_type=\"widget\" data-e-type=\"widget\" data-widget_type=\"heading.default\">\n\t\t\t\t<div class=\"elementor-widget-container\">\n\t\t\t\t\t<span class=\"elementor-heading-title elementor-size-default\">Frente a tus ojos<\/span>\t\t\t\t<\/div>\n\t\t\t\t<\/div>\n\t\t\t\t<div class=\"elementor-element elementor-element-22f9188 elementor-widget elementor-widget-heading\" data-id=\"22f9188\" data-element_type=\"widget\" data-e-type=\"widget\" data-widget_type=\"heading.default\">\n\t\t\t\t<div class=\"elementor-widget-container\">\n\t\t\t\t\t<h2 class=\"elementor-heading-title elementor-size-default\">Montaje en vivo<\/h2>\t\t\t\t<\/div>\n\t\t\t\t<\/div>\n\t\t\t\t<div class=\"elementor-element elementor-element-4c4f4d3 elementor-widget elementor-widget-text-editor\" data-id=\"4c4f4d3\" data-element_type=\"widget\" data-e-type=\"widget\" data-widget_type=\"text-editor.default\">\n\t\t\t\t<div class=\"elementor-widget-container\">\n\t\t\t\t\t\t\t\t\t<p>Otro de los servicios que hemos incorporado este a\u00f1o a nuestra oferta es el montaje en vivo de la tarta nupcial. Este puede realizarse con la participaci\u00f3n de los novios, los invitados, o exclusivamente por nuestro personal, brindando un momento \u00fanico y especial durante la celebraci\u00f3n.<\/p>\t\t\t\t\t\t\t\t<\/div>\n\t\t\t\t<\/div>\n\t\t\t\t\t<\/div>\n\t\t<\/div>\n\t\t\t\t\t<\/div>\n\t\t<\/section>\n\t\t\t\t\t<\/div>\n\t\t<\/div>\n\t\t\t\t\t<\/div>\n\t\t<\/section>\n\t\t\t\t<section class=\"elementor-section elementor-top-section elementor-element elementor-element-0f0fc2f elementor-section-boxed elementor-section-height-default elementor-section-height-default\" data-id=\"0f0fc2f\" data-element_type=\"section\" data-e-type=\"section\">\n\t\t\t\t\t\t<div class=\"elementor-container elementor-column-gap-default\">\n\t\t\t\t\t<div class=\"elementor-column elementor-col-50 elementor-top-column elementor-element elementor-element-850dabe\" data-id=\"850dabe\" data-element_type=\"column\" data-e-type=\"column\">\n\t\t\t<div class=\"elementor-widget-wrap elementor-element-populated\">\n\t\t\t\t\t\t<section class=\"elementor-section elementor-inner-section elementor-element elementor-element-495cdb8 elementor-section-boxed elementor-section-height-default elementor-section-height-default\" data-id=\"495cdb8\" data-element_type=\"section\" data-e-type=\"section\" data-settings=\"{&quot;background_background&quot;:&quot;classic&quot;}\">\n\t\t\t\t\t\t<div class=\"elementor-container elementor-column-gap-default\">\n\t\t\t\t\t<div class=\"elementor-column elementor-col-100 elementor-inner-column elementor-element elementor-element-ce335e0\" data-id=\"ce335e0\" data-element_type=\"column\" data-e-type=\"column\">\n\t\t\t<div class=\"elementor-widget-wrap elementor-element-populated\">\n\t\t\t\t\t\t<div class=\"elementor-element elementor-element-56cbd3a elementor-widget elementor-widget-heading\" data-id=\"56cbd3a\" data-element_type=\"widget\" data-e-type=\"widget\" data-widget_type=\"heading.default\">\n\t\t\t\t<div class=\"elementor-widget-container\">\n\t\t\t\t\t<span class=\"elementor-heading-title elementor-size-default\">Para tu boda<\/span>\t\t\t\t<\/div>\n\t\t\t\t<\/div>\n\t\t\t\t<div class=\"elementor-element elementor-element-77bb15d elementor-widget elementor-widget-heading\" data-id=\"77bb15d\" data-element_type=\"widget\" data-e-type=\"widget\" data-widget_type=\"heading.default\">\n\t\t\t\t<div class=\"elementor-widget-container\">\n\t\t\t\t\t<h2 class=\"elementor-heading-title elementor-size-default\">Corte de la tarta nupcial<\/h2>\t\t\t\t<\/div>\n\t\t\t\t<\/div>\n\t\t\t\t<div class=\"elementor-element elementor-element-c33b03c elementor-widget elementor-widget-text-editor\" data-id=\"c33b03c\" data-element_type=\"widget\" data-e-type=\"widget\" data-widget_type=\"text-editor.default\">\n\t\t\t\t<div class=\"elementor-widget-container\">\n\t\t\t\t\t\t\t\t\t<p><span style=\"font-weight: 400;\">Sabemos que, en muchas ocasiones, la log\u00edstica del corte de la tarta real puede resultar complicada para las parejas. Por eso, queremos facilitar ese momento tan especial y asegurarnos de que todo salga perfecto en su gran d\u00eda.<\/span><\/p><p><span style=\"font-weight: 400;\">Con este nuevo servicio, nos encargamos de que el corte sea impecable, elegante y sin preocupaciones.<\/span><\/p>\t\t\t\t\t\t\t\t<\/div>\n\t\t\t\t<\/div>\n\t\t\t\t\t<\/div>\n\t\t<\/div>\n\t\t\t\t\t<\/div>\n\t\t<\/section>\n\t\t\t\t\t<\/div>\n\t\t<\/div>\n\t\t\t\t<div class=\"elementor-column elementor-col-50 elementor-top-column elementor-element elementor-element-64a9f7a\" data-id=\"64a9f7a\" data-element_type=\"column\" data-e-type=\"column\" data-settings=\"{&quot;background_background&quot;:&quot;slideshow&quot;,&quot;background_slideshow_gallery&quot;:[],&quot;background_slideshow_loop&quot;:&quot;yes&quot;,&quot;background_slideshow_slide_duration&quot;:5000,&quot;background_slideshow_slide_transition&quot;:&quot;fade&quot;,&quot;background_slideshow_transition_duration&quot;:500}\">\n\t\t\t<div class=\"elementor-widget-wrap elementor-element-populated\">\n\t\t\t\t\t\t<section class=\"elementor-section elementor-inner-section elementor-element elementor-element-fb5d5ab elementor-section-boxed elementor-section-height-default elementor-section-height-default\" data-id=\"fb5d5ab\" data-element_type=\"section\" data-e-type=\"section\" data-settings=\"{&quot;background_background&quot;:&quot;classic&quot;}\">\n\t\t\t\t\t\t<div class=\"elementor-container elementor-column-gap-default\">\n\t\t\t\t\t<div class=\"elementor-column elementor-col-100 elementor-inner-column elementor-element elementor-element-944a781\" data-id=\"944a781\" data-element_type=\"column\" data-e-type=\"column\">\n\t\t\t<div class=\"elementor-widget-wrap elementor-element-populated\">\n\t\t\t\t\t\t<div class=\"elementor-element elementor-element-829d3dd elementor-invisible elementor-widget elementor-widget-image\" data-id=\"829d3dd\" data-element_type=\"widget\" data-e-type=\"widget\" data-settings=\"{&quot;_animation&quot;:&quot;fadeIn&quot;}\" data-widget_type=\"image.default\">\n\t\t\t\t<div class=\"elementor-widget-container\">\n\t\t\t\t\t\t\t\t\t\t\t\t\t\t\t<img decoding=\"async\" width=\"768\" height=\"1024\" src=\"https:\/\/americancupcakes.es\/wp-content\/uploads\/2025\/10\/Corte-de-tarta_-768x1024.jpg\" class=\"attachment-large size-large wp-image-600\" alt=\"\" srcset=\"https:\/\/americancupcakes.es\/wp-content\/uploads\/2025\/10\/Corte-de-tarta_-768x1024.jpg 768w, https:\/\/americancupcakes.es\/wp-content\/uploads\/2025\/10\/Corte-de-tarta_-225x300.jpg 225w, https:\/\/americancupcakes.es\/wp-content\/uploads\/2025\/10\/Corte-de-tarta_-1152x1536.jpg 1152w, https:\/\/americancupcakes.es\/wp-content\/uploads\/2025\/10\/Corte-de-tarta_-600x800.jpg 600w, https:\/\/americancupcakes.es\/wp-content\/uploads\/2025\/10\/Corte-de-tarta_.jpg 1200w\" sizes=\"(max-width: 768px) 100vw, 768px\" \/>\t\t\t\t\t\t\t\t\t\t\t\t\t\t\t<\/div>\n\t\t\t\t<\/div>\n\t\t\t\t\t<\/div>\n\t\t<\/div>\n\t\t\t\t\t<\/div>\n\t\t<\/section>\n\t\t\t\t\t<\/div>\n\t\t<\/div>\n\t\t\t\t\t<\/div>\n\t\t<\/section>\n\t\t\t\t<\/div>\n\t\t","protected":false},"excerpt":{"rendered":"<p>Porciones perfectas Tartas precortadas Muchas mas\u00edas nos est\u00e1n solicitando tartas precortadas, por lo que hemos incorporado este servicio a nuestra oferta. Si necesitan las porciones listas para servir, les proponemos una opci\u00f3n pr\u00e1ctica: una tarta falsa con un piso real para el corte , junto con las porciones individuales ya precortadas, listas para ser servidas [&hellip;]<\/p>\n","protected":false},"author":7,"featured_media":0,"parent":0,"menu_order":0,"comment_status":"closed","ping_status":"closed","template":"","meta":{"_joinchat":[],"footnotes":""},"class_list":["post-36","page","type-page","status-publish","hentry"],"yoast_head":"<!-- This site is optimized with the Yoast SEO plugin v27.4 - https:\/\/yoast.com\/product\/yoast-seo-wordpress\/ -->\n<title>Servicios - American cupcakes<\/title>\n<meta name=\"robots\" content=\"index, follow, max-snippet:-1, max-image-preview:large, max-video-preview:-1\" \/>\n<link rel=\"canonical\" href=\"https:\/\/americancupcakes.es\/es_es\/servicios\/\" \/>\n<meta property=\"og:locale\" content=\"es_ES\" \/>\n<meta property=\"og:type\" content=\"article\" \/>\n<meta property=\"og:title\" content=\"Servicios - American cupcakes\" \/>\n<meta property=\"og:description\" content=\"Porciones perfectas Tartas precortadas Muchas mas\u00edas nos est\u00e1n solicitando tartas precortadas, por lo que hemos incorporado este servicio a nuestra oferta. Si necesitan las porciones listas para servir, les proponemos una opci\u00f3n pr\u00e1ctica: una tarta falsa con un piso real para el corte , junto con las porciones individuales ya precortadas, listas para ser servidas [&hellip;]\" \/>\n<meta property=\"og:url\" content=\"https:\/\/americancupcakes.es\/es_es\/servicios\/\" \/>\n<meta property=\"og:site_name\" content=\"American cupcakes\" \/>\n<meta property=\"article:modified_time\" content=\"2025-10-03T16:05:21+00:00\" \/>\n<meta property=\"og:image\" content=\"https:\/\/americancupcakes.es\/wp-content\/uploads\/2025\/10\/Tartas-precortadas-correcta--651x1024.jpg\" \/>\n<meta name=\"twitter:card\" content=\"summary_large_image\" \/>\n<meta name=\"twitter:label1\" content=\"Tiempo de lectura\" \/>\n\t<meta name=\"twitter:data1\" content=\"2 minutos\" \/>\n<script type=\"application\/ld+json\" class=\"yoast-schema-graph\">{\"@context\":\"https:\\\/\\\/schema.org\",\"@graph\":[{\"@type\":\"WebPage\",\"@id\":\"https:\\\/\\\/americancupcakes.es\\\/servicios\\\/\",\"url\":\"https:\\\/\\\/americancupcakes.es\\\/servicios\\\/\",\"name\":\"Servicios - American cupcakes\",\"isPartOf\":{\"@id\":\"https:\\\/\\\/americancupcakes.es\\\/#website\"},\"primaryImageOfPage\":{\"@id\":\"https:\\\/\\\/americancupcakes.es\\\/servicios\\\/#primaryimage\"},\"image\":{\"@id\":\"https:\\\/\\\/americancupcakes.es\\\/servicios\\\/#primaryimage\"},\"thumbnailUrl\":\"https:\\\/\\\/americancupcakes.es\\\/wp-content\\\/uploads\\\/2025\\\/10\\\/Tartas-precortadas-correcta--651x1024.jpg\",\"datePublished\":\"2025-07-25T11:50:05+00:00\",\"dateModified\":\"2025-10-03T16:05:21+00:00\",\"breadcrumb\":{\"@id\":\"https:\\\/\\\/americancupcakes.es\\\/servicios\\\/#breadcrumb\"},\"inLanguage\":\"es\",\"potentialAction\":[{\"@type\":\"ReadAction\",\"target\":[\"https:\\\/\\\/americancupcakes.es\\\/servicios\\\/\"]}]},{\"@type\":\"ImageObject\",\"inLanguage\":\"es\",\"@id\":\"https:\\\/\\\/americancupcakes.es\\\/servicios\\\/#primaryimage\",\"url\":\"https:\\\/\\\/americancupcakes.es\\\/wp-content\\\/uploads\\\/2025\\\/10\\\/Tartas-precortadas-correcta--651x1024.jpg\",\"contentUrl\":\"https:\\\/\\\/americancupcakes.es\\\/wp-content\\\/uploads\\\/2025\\\/10\\\/Tartas-precortadas-correcta--651x1024.jpg\"},{\"@type\":\"BreadcrumbList\",\"@id\":\"https:\\\/\\\/americancupcakes.es\\\/servicios\\\/#breadcrumb\",\"itemListElement\":[{\"@type\":\"ListItem\",\"position\":1,\"name\":\"Portada\",\"item\":\"https:\\\/\\\/americancupcakes.es\\\/\"},{\"@type\":\"ListItem\",\"position\":2,\"name\":\"Servicios\"}]},{\"@type\":\"WebSite\",\"@id\":\"https:\\\/\\\/americancupcakes.es\\\/#website\",\"url\":\"https:\\\/\\\/americancupcakes.es\\\/\",\"name\":\"American cupcakes\",\"description\":\"Reposter\u00eda en Valencia\",\"publisher\":{\"@id\":\"https:\\\/\\\/americancupcakes.es\\\/#organization\"},\"potentialAction\":[{\"@type\":\"SearchAction\",\"target\":{\"@type\":\"EntryPoint\",\"urlTemplate\":\"https:\\\/\\\/americancupcakes.es\\\/?s={search_term_string}\"},\"query-input\":{\"@type\":\"PropertyValueSpecification\",\"valueRequired\":true,\"valueName\":\"search_term_string\"}}],\"inLanguage\":\"es\"},{\"@type\":\"Organization\",\"@id\":\"https:\\\/\\\/americancupcakes.es\\\/#organization\",\"name\":\"American cupcakes\",\"url\":\"https:\\\/\\\/americancupcakes.es\\\/\",\"logo\":{\"@type\":\"ImageObject\",\"inLanguage\":\"es\",\"@id\":\"https:\\\/\\\/americancupcakes.es\\\/#\\\/schema\\\/logo\\\/image\\\/\",\"url\":\"https:\\\/\\\/americancupcakes.es\\\/wp-content\\\/uploads\\\/2025\\\/10\\\/cropped-LOGOBUENO.png\",\"contentUrl\":\"https:\\\/\\\/americancupcakes.es\\\/wp-content\\\/uploads\\\/2025\\\/10\\\/cropped-LOGOBUENO.png\",\"width\":960,\"height\":680,\"caption\":\"American cupcakes\"},\"image\":{\"@id\":\"https:\\\/\\\/americancupcakes.es\\\/#\\\/schema\\\/logo\\\/image\\\/\"}}]}<\/script>\n<!-- \/ Yoast SEO plugin. -->","yoast_head_json":{"title":"Servicios - American cupcakes","robots":{"index":"index","follow":"follow","max-snippet":"max-snippet:-1","max-image-preview":"max-image-preview:large","max-video-preview":"max-video-preview:-1"},"canonical":"https:\/\/americancupcakes.es\/es_es\/servicios\/","og_locale":"es_ES","og_type":"article","og_title":"Servicios - American cupcakes","og_description":"Porciones perfectas Tartas precortadas Muchas mas\u00edas nos est\u00e1n solicitando tartas precortadas, por lo que hemos incorporado este servicio a nuestra oferta. Si necesitan las porciones listas para servir, les proponemos una opci\u00f3n pr\u00e1ctica: una tarta falsa con un piso real para el corte , junto con las porciones individuales ya precortadas, listas para ser servidas [&hellip;]","og_url":"https:\/\/americancupcakes.es\/es_es\/servicios\/","og_site_name":"American cupcakes","article_modified_time":"2025-10-03T16:05:21+00:00","og_image":[{"url":"https:\/\/americancupcakes.es\/wp-content\/uploads\/2025\/10\/Tartas-precortadas-correcta--651x1024.jpg","type":"","width":"","height":""}],"twitter_card":"summary_large_image","twitter_misc":{"Tiempo de lectura":"2 minutos"},"schema":{"@context":"https:\/\/schema.org","@graph":[{"@type":"WebPage","@id":"https:\/\/americancupcakes.es\/servicios\/","url":"https:\/\/americancupcakes.es\/servicios\/","name":"Servicios - American cupcakes","isPartOf":{"@id":"https:\/\/americancupcakes.es\/#website"},"primaryImageOfPage":{"@id":"https:\/\/americancupcakes.es\/servicios\/#primaryimage"},"image":{"@id":"https:\/\/americancupcakes.es\/servicios\/#primaryimage"},"thumbnailUrl":"https:\/\/americancupcakes.es\/wp-content\/uploads\/2025\/10\/Tartas-precortadas-correcta--651x1024.jpg","datePublished":"2025-07-25T11:50:05+00:00","dateModified":"2025-10-03T16:05:21+00:00","breadcrumb":{"@id":"https:\/\/americancupcakes.es\/servicios\/#breadcrumb"},"inLanguage":"es","potentialAction":[{"@type":"ReadAction","target":["https:\/\/americancupcakes.es\/servicios\/"]}]},{"@type":"ImageObject","inLanguage":"es","@id":"https:\/\/americancupcakes.es\/servicios\/#primaryimage","url":"https:\/\/americancupcakes.es\/wp-content\/uploads\/2025\/10\/Tartas-precortadas-correcta--651x1024.jpg","contentUrl":"https:\/\/americancupcakes.es\/wp-content\/uploads\/2025\/10\/Tartas-precortadas-correcta--651x1024.jpg"},{"@type":"BreadcrumbList","@id":"https:\/\/americancupcakes.es\/servicios\/#breadcrumb","itemListElement":[{"@type":"ListItem","position":1,"name":"Portada","item":"https:\/\/americancupcakes.es\/"},{"@type":"ListItem","position":2,"name":"Servicios"}]},{"@type":"WebSite","@id":"https:\/\/americancupcakes.es\/#website","url":"https:\/\/americancupcakes.es\/","name":"American cupcakes","description":"Reposter\u00eda en Valencia","publisher":{"@id":"https:\/\/americancupcakes.es\/#organization"},"potentialAction":[{"@type":"SearchAction","target":{"@type":"EntryPoint","urlTemplate":"https:\/\/americancupcakes.es\/?s={search_term_string}"},"query-input":{"@type":"PropertyValueSpecification","valueRequired":true,"valueName":"search_term_string"}}],"inLanguage":"es"},{"@type":"Organization","@id":"https:\/\/americancupcakes.es\/#organization","name":"American cupcakes","url":"https:\/\/americancupcakes.es\/","logo":{"@type":"ImageObject","inLanguage":"es","@id":"https:\/\/americancupcakes.es\/#\/schema\/logo\/image\/","url":"https:\/\/americancupcakes.es\/wp-content\/uploads\/2025\/10\/cropped-LOGOBUENO.png","contentUrl":"https:\/\/americancupcakes.es\/wp-content\/uploads\/2025\/10\/cropped-LOGOBUENO.png","width":960,"height":680,"caption":"American cupcakes"},"image":{"@id":"https:\/\/americancupcakes.es\/#\/schema\/logo\/image\/"}}]}},"_links":{"self":[{"href":"https:\/\/americancupcakes.es\/es_es\/wp-json\/wp\/v2\/pages\/36","targetHints":{"allow":["GET"]}}],"collection":[{"href":"https:\/\/americancupcakes.es\/es_es\/wp-json\/wp\/v2\/pages"}],"about":[{"href":"https:\/\/americancupcakes.es\/es_es\/wp-json\/wp\/v2\/types\/page"}],"author":[{"embeddable":true,"href":"https:\/\/americancupcakes.es\/es_es\/wp-json\/wp\/v2\/users\/7"}],"replies":[{"embeddable":true,"href":"https:\/\/americancupcakes.es\/es_es\/wp-json\/wp\/v2\/comments?post=36"}],"version-history":[{"count":22,"href":"https:\/\/americancupcakes.es\/es_es\/wp-json\/wp\/v2\/pages\/36\/revisions"}],"predecessor-version":[{"id":733,"href":"https:\/\/americancupcakes.es\/es_es\/wp-json\/wp\/v2\/pages\/36\/revisions\/733"}],"wp:attachment":[{"href":"https:\/\/americancupcakes.es\/es_es\/wp-json\/wp\/v2\/media?parent=36"}],"curies":[{"name":"wp","href":"https:\/\/api.w.org\/{rel}","templated":true}]}}