{"id":34,"date":"2025-07-25T13:49:48","date_gmt":"2025-07-25T11:49:48","guid":{"rendered":"https:\/\/americancupcakes.es\/?page_id=34"},"modified":"2025-10-03T17:48:11","modified_gmt":"2025-10-03T15:48:11","slug":"sobre-mi","status":"publish","type":"page","link":"https:\/\/americancupcakes.es\/es_es\/sobre-mi\/","title":{"rendered":"Sobre Mi"},"content":{"rendered":"\t\t<div data-elementor-type=\"wp-page\" data-elementor-id=\"34\" class=\"elementor elementor-34\" data-elementor-post-type=\"page\">\n\t\t\t\t\t\t<section class=\"elementor-section elementor-top-section elementor-element elementor-element-b1fc204 elementor-section-height-min-height elementor-section-boxed elementor-section-height-default elementor-section-items-middle\" data-id=\"b1fc204\" data-element_type=\"section\" data-e-type=\"section\">\n\t\t\t\t\t\t<div class=\"elementor-container elementor-column-gap-default\">\n\t\t\t\t\t<div class=\"elementor-column elementor-col-50 elementor-top-column elementor-element elementor-element-3a56016c\" data-id=\"3a56016c\" data-element_type=\"column\" data-e-type=\"column\">\n\t\t\t<div class=\"elementor-widget-wrap elementor-element-populated\">\n\t\t\t\t\t\t<div class=\"elementor-element elementor-element-43ff0ba1 elementor-invisible elementor-widget elementor-widget-heading\" data-id=\"43ff0ba1\" data-element_type=\"widget\" data-e-type=\"widget\" data-settings=\"{&quot;_animation&quot;:&quot;fadeIn&quot;}\" data-widget_type=\"heading.default\">\n\t\t\t\t<div class=\"elementor-widget-container\">\n\t\t\t\t\t<h2 class=\"elementor-heading-title elementor-size-default\">Hola, soy B\u00e1rbara<\/h2>\t\t\t\t<\/div>\n\t\t\t\t<\/div>\n\t\t\t\t<div class=\"elementor-element elementor-element-d522943 elementor-widget elementor-widget-text-editor\" data-id=\"d522943\" data-element_type=\"widget\" data-e-type=\"widget\" data-widget_type=\"text-editor.default\">\n\t\t\t\t<div class=\"elementor-widget-container\">\n\t\t\t\t\t\t\t\t\t<p>Soy la tercera generaci\u00f3n de una familia con alma pastelera. Crec\u00ed entre aromas dulces, viendo a mi abuela preparar tartas de bodas con amor y escribir invitaciones a mano con una delicadeza que parec\u00eda sacada de otro tiempo. Mis padres, con su gran obrador, llevaron la pasteler\u00eda por toda la regi\u00f3n, dejando su sello en cada rinc\u00f3n.<br \/>Recuerdo con cari\u00f1o aquellas visitas a casa de mi abuela, que siempre eran una delicia&#8230; hasta que llegaba el momento de pelear con mis primos por el \u00faltimo trozo de bizcocho que quedaba.<br \/>Con los a\u00f1os, decid\u00ed estudiar enfermer\u00eda en mi querida Venezuela, profesi\u00f3n que ejerc\u00ed con dedicaci\u00f3n. Pero como muchos, tuve que emigrar en busca de nuevas oportunidades. Al llegar a Espa\u00f1a, supe que era momento de reinventarme, y el coraz\u00f3n me lo dej\u00f3 claro: deb\u00eda volver a mis ra\u00edces.<\/p>\t\t\t\t\t\t\t\t<\/div>\n\t\t\t\t<\/div>\n\t\t\t\t\t<\/div>\n\t\t<\/div>\n\t\t\t\t<div class=\"elementor-column elementor-col-50 elementor-top-column elementor-element elementor-element-4ca48dd6 elementor-invisible\" data-id=\"4ca48dd6\" data-element_type=\"column\" data-e-type=\"column\" data-settings=\"{&quot;animation&quot;:&quot;fadeIn&quot;}\">\n\t\t\t<div class=\"elementor-widget-wrap elementor-element-populated\">\n\t\t\t\t\t\t<div class=\"elementor-element elementor-element-6a721d0 elementor-widget elementor-widget-image\" data-id=\"6a721d0\" data-element_type=\"widget\" data-e-type=\"widget\" data-widget_type=\"image.default\">\n\t\t\t\t<div class=\"elementor-widget-container\">\n\t\t\t\t\t\t\t\t\t\t\t\t\t\t\t<img fetchpriority=\"high\" decoding=\"async\" width=\"683\" height=\"1024\" src=\"https:\/\/americancupcakes.es\/wp-content\/uploads\/2025\/08\/DSC1632-683x1024.jpeg\" class=\"attachment-large size-large wp-image-529\" alt=\"\" srcset=\"https:\/\/americancupcakes.es\/wp-content\/uploads\/2025\/08\/DSC1632-683x1024.jpeg 683w, https:\/\/americancupcakes.es\/wp-content\/uploads\/2025\/08\/DSC1632-200x300.jpeg 200w, https:\/\/americancupcakes.es\/wp-content\/uploads\/2025\/08\/DSC1632-768x1152.jpeg 768w, https:\/\/americancupcakes.es\/wp-content\/uploads\/2025\/08\/DSC1632-1024x1536.jpeg 1024w, https:\/\/americancupcakes.es\/wp-content\/uploads\/2025\/08\/DSC1632-1365x2048.jpeg 1365w, https:\/\/americancupcakes.es\/wp-content\/uploads\/2025\/08\/DSC1632-600x900.jpeg 600w, https:\/\/americancupcakes.es\/wp-content\/uploads\/2025\/08\/DSC1632-scaled.jpeg 1707w\" sizes=\"(max-width: 683px) 100vw, 683px\" \/>\t\t\t\t\t\t\t\t\t\t\t\t\t\t\t<\/div>\n\t\t\t\t<\/div>\n\t\t\t\t\t<\/div>\n\t\t<\/div>\n\t\t\t\t\t<\/div>\n\t\t<\/section>\n\t\t\t\t<section class=\"elementor-section elementor-top-section elementor-element elementor-element-9ed9251 elementor-section-height-min-height elementor-section-boxed elementor-section-height-default elementor-section-items-middle\" data-id=\"9ed9251\" data-element_type=\"section\" data-e-type=\"section\">\n\t\t\t\t\t\t<div class=\"elementor-container elementor-column-gap-default\">\n\t\t\t\t\t<div class=\"elementor-column elementor-col-50 elementor-top-column elementor-element elementor-element-a0695c5 elementor-hidden-tablet elementor-hidden-mobile elementor-invisible\" data-id=\"a0695c5\" data-element_type=\"column\" data-e-type=\"column\" data-settings=\"{&quot;animation&quot;:&quot;fadeIn&quot;}\">\n\t\t\t<div class=\"elementor-widget-wrap elementor-element-populated\">\n\t\t\t\t\t\t<div class=\"elementor-element elementor-element-a727cb4 elementor-widget elementor-widget-image\" data-id=\"a727cb4\" data-element_type=\"widget\" data-e-type=\"widget\" data-widget_type=\"image.default\">\n\t\t\t\t<div class=\"elementor-widget-container\">\n\t\t\t\t\t\t\t\t\t\t\t\t\t\t\t<img decoding=\"async\" width=\"683\" height=\"1024\" src=\"https:\/\/americancupcakes.es\/wp-content\/uploads\/2025\/08\/DSC1606-683x1024.jpeg\" class=\"attachment-large size-large wp-image-528\" alt=\"\" srcset=\"https:\/\/americancupcakes.es\/wp-content\/uploads\/2025\/08\/DSC1606-683x1024.jpeg 683w, https:\/\/americancupcakes.es\/wp-content\/uploads\/2025\/08\/DSC1606-200x300.jpeg 200w, https:\/\/americancupcakes.es\/wp-content\/uploads\/2025\/08\/DSC1606-768x1152.jpeg 768w, https:\/\/americancupcakes.es\/wp-content\/uploads\/2025\/08\/DSC1606-1024x1536.jpeg 1024w, https:\/\/americancupcakes.es\/wp-content\/uploads\/2025\/08\/DSC1606-1365x2048.jpeg 1365w, https:\/\/americancupcakes.es\/wp-content\/uploads\/2025\/08\/DSC1606-600x900.jpeg 600w, https:\/\/americancupcakes.es\/wp-content\/uploads\/2025\/08\/DSC1606-scaled.jpeg 1707w\" sizes=\"(max-width: 683px) 100vw, 683px\" \/>\t\t\t\t\t\t\t\t\t\t\t\t\t\t\t<\/div>\n\t\t\t\t<\/div>\n\t\t\t\t\t<\/div>\n\t\t<\/div>\n\t\t\t\t<div class=\"elementor-column elementor-col-50 elementor-top-column elementor-element elementor-element-bcefa04\" data-id=\"bcefa04\" data-element_type=\"column\" data-e-type=\"column\">\n\t\t\t<div class=\"elementor-widget-wrap elementor-element-populated\">\n\t\t\t\t\t\t<div class=\"elementor-element elementor-element-ac188f9 elementor-widget elementor-widget-text-editor\" data-id=\"ac188f9\" data-element_type=\"widget\" data-e-type=\"widget\" data-widget_type=\"text-editor.default\">\n\t\t\t\t<div class=\"elementor-widget-container\">\n\t\t\t\t\t\t\t\t\t<p>Estudi\u00e9 cocina y, apenas dos semanas despu\u00e9s de llegar, empec\u00e9 a trabajar en American Cupcakes. Junto a mis socios, fui aprendiendo y perfeccionando t\u00e9cnicas, hasta que el camino me llev\u00f3 a asociarme&#8230; y finalmente quedarme con la marca.<br \/>Hoy, puedo decir con una sonrisa que mi trabajo es mi pasi\u00f3n. Amo lo que hago. Creo postres que acompa\u00f1an momentos \u00fanicos: cumplea\u00f1os, bodas, bautizos&#8230; Cada uno de ellos lleva parte de mi historia y mi amor por este arte. Pero lo m\u00e1s valioso es que, mientras horneo, tambi\u00e9n ense\u00f1o a mi peque los secretos de nuestras recetas, con la esperanza de que, alg\u00fan d\u00eda, siga esta dulce tradici\u00f3n, de hornear para sus seres queridos.<br \/>Cuando alguien conf\u00eda en m\u00ed, pongo el alma en cada creaci\u00f3n. Porque no se trata solo de un postre&#8230; sino de hacer realidad ese dulce que tanto so\u00f1aste.<\/p>\t\t\t\t\t\t\t\t<\/div>\n\t\t\t\t<\/div>\n\t\t\t\t\t<\/div>\n\t\t<\/div>\n\t\t\t\t\t<\/div>\n\t\t<\/section>\n\t\t\t\t<\/div>\n\t\t","protected":false},"excerpt":{"rendered":"<p>Hola, soy B\u00e1rbara Soy la tercera generaci\u00f3n de una familia con alma pastelera. Crec\u00ed entre aromas dulces, viendo a mi abuela preparar tartas de bodas con amor y escribir invitaciones a mano con una delicadeza que parec\u00eda sacada de otro tiempo. Mis padres, con su gran obrador, llevaron la pasteler\u00eda por toda la regi\u00f3n, dejando [&hellip;]<\/p>\n","protected":false},"author":7,"featured_media":0,"parent":0,"menu_order":0,"comment_status":"closed","ping_status":"closed","template":"","meta":{"_joinchat":[],"footnotes":""},"class_list":["post-34","page","type-page","status-publish","hentry"],"yoast_head":"<!-- This site is optimized with the Yoast SEO plugin v27.4 - https:\/\/yoast.com\/product\/yoast-seo-wordpress\/ -->\n<title>Sobre Mi - American cupcakes<\/title>\n<meta name=\"robots\" content=\"index, follow, max-snippet:-1, max-image-preview:large, max-video-preview:-1\" \/>\n<link rel=\"canonical\" href=\"https:\/\/americancupcakes.es\/es_es\/sobre-mi\/\" \/>\n<meta property=\"og:locale\" content=\"es_ES\" \/>\n<meta property=\"og:type\" content=\"article\" \/>\n<meta property=\"og:title\" content=\"Sobre Mi - American cupcakes\" \/>\n<meta property=\"og:description\" content=\"Hola, soy B\u00e1rbara Soy la tercera generaci\u00f3n de una familia con alma pastelera. Crec\u00ed entre aromas dulces, viendo a mi abuela preparar tartas de bodas con amor y escribir invitaciones a mano con una delicadeza que parec\u00eda sacada de otro tiempo. Mis padres, con su gran obrador, llevaron la pasteler\u00eda por toda la regi\u00f3n, dejando [&hellip;]\" \/>\n<meta property=\"og:url\" content=\"https:\/\/americancupcakes.es\/es_es\/sobre-mi\/\" \/>\n<meta property=\"og:site_name\" content=\"American cupcakes\" \/>\n<meta property=\"article:modified_time\" content=\"2025-10-03T15:48:11+00:00\" \/>\n<meta property=\"og:image\" content=\"https:\/\/americancupcakes.es\/wp-content\/uploads\/2025\/08\/DSC1632-scaled.jpeg\" \/>\n\t<meta property=\"og:image:width\" content=\"1707\" \/>\n\t<meta property=\"og:image:height\" content=\"2560\" \/>\n\t<meta property=\"og:image:type\" content=\"image\/jpeg\" \/>\n<meta name=\"twitter:card\" content=\"summary_large_image\" \/>\n<meta name=\"twitter:label1\" content=\"Tiempo de lectura\" \/>\n\t<meta name=\"twitter:data1\" content=\"2 minutos\" \/>\n<script type=\"application\/ld+json\" class=\"yoast-schema-graph\">{\"@context\":\"https:\\\/\\\/schema.org\",\"@graph\":[{\"@type\":\"WebPage\",\"@id\":\"https:\\\/\\\/americancupcakes.es\\\/sobre-mi\\\/\",\"url\":\"https:\\\/\\\/americancupcakes.es\\\/sobre-mi\\\/\",\"name\":\"Sobre Mi - American cupcakes\",\"isPartOf\":{\"@id\":\"https:\\\/\\\/americancupcakes.es\\\/#website\"},\"primaryImageOfPage\":{\"@id\":\"https:\\\/\\\/americancupcakes.es\\\/sobre-mi\\\/#primaryimage\"},\"image\":{\"@id\":\"https:\\\/\\\/americancupcakes.es\\\/sobre-mi\\\/#primaryimage\"},\"thumbnailUrl\":\"https:\\\/\\\/americancupcakes.es\\\/wp-content\\\/uploads\\\/2025\\\/08\\\/DSC1632-683x1024.jpeg\",\"datePublished\":\"2025-07-25T11:49:48+00:00\",\"dateModified\":\"2025-10-03T15:48:11+00:00\",\"breadcrumb\":{\"@id\":\"https:\\\/\\\/americancupcakes.es\\\/sobre-mi\\\/#breadcrumb\"},\"inLanguage\":\"es\",\"potentialAction\":[{\"@type\":\"ReadAction\",\"target\":[\"https:\\\/\\\/americancupcakes.es\\\/sobre-mi\\\/\"]}]},{\"@type\":\"ImageObject\",\"inLanguage\":\"es\",\"@id\":\"https:\\\/\\\/americancupcakes.es\\\/sobre-mi\\\/#primaryimage\",\"url\":\"https:\\\/\\\/americancupcakes.es\\\/wp-content\\\/uploads\\\/2025\\\/08\\\/DSC1632-683x1024.jpeg\",\"contentUrl\":\"https:\\\/\\\/americancupcakes.es\\\/wp-content\\\/uploads\\\/2025\\\/08\\\/DSC1632-683x1024.jpeg\"},{\"@type\":\"BreadcrumbList\",\"@id\":\"https:\\\/\\\/americancupcakes.es\\\/sobre-mi\\\/#breadcrumb\",\"itemListElement\":[{\"@type\":\"ListItem\",\"position\":1,\"name\":\"Portada\",\"item\":\"https:\\\/\\\/americancupcakes.es\\\/\"},{\"@type\":\"ListItem\",\"position\":2,\"name\":\"Sobre Mi\"}]},{\"@type\":\"WebSite\",\"@id\":\"https:\\\/\\\/americancupcakes.es\\\/#website\",\"url\":\"https:\\\/\\\/americancupcakes.es\\\/\",\"name\":\"American cupcakes\",\"description\":\"Reposter\u00eda en Valencia\",\"publisher\":{\"@id\":\"https:\\\/\\\/americancupcakes.es\\\/#organization\"},\"potentialAction\":[{\"@type\":\"SearchAction\",\"target\":{\"@type\":\"EntryPoint\",\"urlTemplate\":\"https:\\\/\\\/americancupcakes.es\\\/?s={search_term_string}\"},\"query-input\":{\"@type\":\"PropertyValueSpecification\",\"valueRequired\":true,\"valueName\":\"search_term_string\"}}],\"inLanguage\":\"es\"},{\"@type\":\"Organization\",\"@id\":\"https:\\\/\\\/americancupcakes.es\\\/#organization\",\"name\":\"American cupcakes\",\"url\":\"https:\\\/\\\/americancupcakes.es\\\/\",\"logo\":{\"@type\":\"ImageObject\",\"inLanguage\":\"es\",\"@id\":\"https:\\\/\\\/americancupcakes.es\\\/#\\\/schema\\\/logo\\\/image\\\/\",\"url\":\"https:\\\/\\\/americancupcakes.es\\\/wp-content\\\/uploads\\\/2025\\\/10\\\/cropped-LOGOBUENO.png\",\"contentUrl\":\"https:\\\/\\\/americancupcakes.es\\\/wp-content\\\/uploads\\\/2025\\\/10\\\/cropped-LOGOBUENO.png\",\"width\":960,\"height\":680,\"caption\":\"American cupcakes\"},\"image\":{\"@id\":\"https:\\\/\\\/americancupcakes.es\\\/#\\\/schema\\\/logo\\\/image\\\/\"}}]}<\/script>\n<!-- \/ Yoast SEO plugin. -->","yoast_head_json":{"title":"Sobre Mi - American cupcakes","robots":{"index":"index","follow":"follow","max-snippet":"max-snippet:-1","max-image-preview":"max-image-preview:large","max-video-preview":"max-video-preview:-1"},"canonical":"https:\/\/americancupcakes.es\/es_es\/sobre-mi\/","og_locale":"es_ES","og_type":"article","og_title":"Sobre Mi - American cupcakes","og_description":"Hola, soy B\u00e1rbara Soy la tercera generaci\u00f3n de una familia con alma pastelera. Crec\u00ed entre aromas dulces, viendo a mi abuela preparar tartas de bodas con amor y escribir invitaciones a mano con una delicadeza que parec\u00eda sacada de otro tiempo. Mis padres, con su gran obrador, llevaron la pasteler\u00eda por toda la regi\u00f3n, dejando [&hellip;]","og_url":"https:\/\/americancupcakes.es\/es_es\/sobre-mi\/","og_site_name":"American cupcakes","article_modified_time":"2025-10-03T15:48:11+00:00","og_image":[{"width":1707,"height":2560,"url":"https:\/\/americancupcakes.es\/wp-content\/uploads\/2025\/08\/DSC1632-scaled.jpeg","type":"image\/jpeg"}],"twitter_card":"summary_large_image","twitter_misc":{"Tiempo de lectura":"2 minutos"},"schema":{"@context":"https:\/\/schema.org","@graph":[{"@type":"WebPage","@id":"https:\/\/americancupcakes.es\/sobre-mi\/","url":"https:\/\/americancupcakes.es\/sobre-mi\/","name":"Sobre Mi - American cupcakes","isPartOf":{"@id":"https:\/\/americancupcakes.es\/#website"},"primaryImageOfPage":{"@id":"https:\/\/americancupcakes.es\/sobre-mi\/#primaryimage"},"image":{"@id":"https:\/\/americancupcakes.es\/sobre-mi\/#primaryimage"},"thumbnailUrl":"https:\/\/americancupcakes.es\/wp-content\/uploads\/2025\/08\/DSC1632-683x1024.jpeg","datePublished":"2025-07-25T11:49:48+00:00","dateModified":"2025-10-03T15:48:11+00:00","breadcrumb":{"@id":"https:\/\/americancupcakes.es\/sobre-mi\/#breadcrumb"},"inLanguage":"es","potentialAction":[{"@type":"ReadAction","target":["https:\/\/americancupcakes.es\/sobre-mi\/"]}]},{"@type":"ImageObject","inLanguage":"es","@id":"https:\/\/americancupcakes.es\/sobre-mi\/#primaryimage","url":"https:\/\/americancupcakes.es\/wp-content\/uploads\/2025\/08\/DSC1632-683x1024.jpeg","contentUrl":"https:\/\/americancupcakes.es\/wp-content\/uploads\/2025\/08\/DSC1632-683x1024.jpeg"},{"@type":"BreadcrumbList","@id":"https:\/\/americancupcakes.es\/sobre-mi\/#breadcrumb","itemListElement":[{"@type":"ListItem","position":1,"name":"Portada","item":"https:\/\/americancupcakes.es\/"},{"@type":"ListItem","position":2,"name":"Sobre Mi"}]},{"@type":"WebSite","@id":"https:\/\/americancupcakes.es\/#website","url":"https:\/\/americancupcakes.es\/","name":"American cupcakes","description":"Reposter\u00eda en Valencia","publisher":{"@id":"https:\/\/americancupcakes.es\/#organization"},"potentialAction":[{"@type":"SearchAction","target":{"@type":"EntryPoint","urlTemplate":"https:\/\/americancupcakes.es\/?s={search_term_string}"},"query-input":{"@type":"PropertyValueSpecification","valueRequired":true,"valueName":"search_term_string"}}],"inLanguage":"es"},{"@type":"Organization","@id":"https:\/\/americancupcakes.es\/#organization","name":"American cupcakes","url":"https:\/\/americancupcakes.es\/","logo":{"@type":"ImageObject","inLanguage":"es","@id":"https:\/\/americancupcakes.es\/#\/schema\/logo\/image\/","url":"https:\/\/americancupcakes.es\/wp-content\/uploads\/2025\/10\/cropped-LOGOBUENO.png","contentUrl":"https:\/\/americancupcakes.es\/wp-content\/uploads\/2025\/10\/cropped-LOGOBUENO.png","width":960,"height":680,"caption":"American cupcakes"},"image":{"@id":"https:\/\/americancupcakes.es\/#\/schema\/logo\/image\/"}}]}},"_links":{"self":[{"href":"https:\/\/americancupcakes.es\/es_es\/wp-json\/wp\/v2\/pages\/34","targetHints":{"allow":["GET"]}}],"collection":[{"href":"https:\/\/americancupcakes.es\/es_es\/wp-json\/wp\/v2\/pages"}],"about":[{"href":"https:\/\/americancupcakes.es\/es_es\/wp-json\/wp\/v2\/types\/page"}],"author":[{"embeddable":true,"href":"https:\/\/americancupcakes.es\/es_es\/wp-json\/wp\/v2\/users\/7"}],"replies":[{"embeddable":true,"href":"https:\/\/americancupcakes.es\/es_es\/wp-json\/wp\/v2\/comments?post=34"}],"version-history":[{"count":19,"href":"https:\/\/americancupcakes.es\/es_es\/wp-json\/wp\/v2\/pages\/34\/revisions"}],"predecessor-version":[{"id":704,"href":"https:\/\/americancupcakes.es\/es_es\/wp-json\/wp\/v2\/pages\/34\/revisions\/704"}],"wp:attachment":[{"href":"https:\/\/americancupcakes.es\/es_es\/wp-json\/wp\/v2\/media?parent=34"}],"curies":[{"name":"wp","href":"https:\/\/api.w.org\/{rel}","templated":true}]}}